{"id":78,"date":"2017-12-12T11:24:21","date_gmt":"2017-12-12T15:24:21","guid":{"rendered":"http:\/\/ayuntamiento.guineo\/transparencia\/?page_id=78"},"modified":"2020-10-30T10:46:30","modified_gmt":"2020-10-30T14:46:30","slug":"definicion-oaim-oficina-de-acceso-a-la-informacion-municipal","status":"publish","type":"page","link":"https:\/\/ayuntamientobayaguana.gob.do\/transparencia\/definicion-oaim-oficina-de-acceso-a-la-informacion-municipal\/","title":{"rendered":"Definici\u00f3n OAIM (Oficina de Acceso a la Informaci\u00f3n Municipal)"},"content":{"rendered":"<p>El Ayuntamiento del Municipio de Bayaguana con este manual de procedimiento expresa su compromiso en la aplicaci\u00f3n de la Ley General de Acceso a la Informaci\u00f3n P\u00fablica 200-04 y su en reglamento de aplicaci\u00f3n, y reafirma su responsabilidad con la transparencia y la \u00e9tica en el ejercicio de su accionar.<\/p>\n<p>Con el presente documento el Ayuntamiento del Municipio de Bayaguana establece la organizaci\u00f3n y funciones de la Oficina de Acceso a la Informaci\u00f3n Municipal (OAIM), principios, valores, base legal, formularios, procedimientos aplicados y la descripci\u00f3n de puestos de los recursos humanos de dicha dependencia municipal. Este manual esta realizado en cumplimiento y respeto de las leyes vigentes en materia de acceso a la informaci\u00f3n, la Constituci\u00f3n de la Rep\u00fablica del 2010, la ley 176-07, los tratados internacionales, las normativas de la Direcci\u00f3n General de \u00c9tica e Integridad Gubernamental (DIGEIG) y la Oficina Presidencial de Tecnolog\u00eda de la Informaci\u00f3n y Comunicaci\u00f3n (OPTIC), teniendo como fin el de proveer un servicio excepcional y de calidad a la ciudadan\u00eda.<\/p>\n<p>La Constituci\u00f3n de la Rep\u00fablica Dominicana, las leyes 200-04 de Libre Acceso a la Informaci\u00f3n P\u00fablica y la 176-07 del Distrito Nacional y los Municipios, as\u00ed como la Declaraci\u00f3n Universal de los Derechos Humanos establecen como Derecho de todo ciudadano el solicitar y recibir informaci\u00f3n completa del Estado Dominicano y empresas o compa\u00f1\u00edas con participaci\u00f3n estatal, y para garantizar el derecho a saber se crearan los mecanismos necesarios.<\/p>\n<p>Es responsabilidad de las empresas del Estado aut\u00f3nomas o descentralizadas la creaci\u00f3n de una Oficina de Acceso a la Informaci\u00f3n para a trav\u00e9s de est\u00e1 garantizar el acceder de forma organizada, eficiente, oportuna, completa, veraz y transparente, respetando el plazo que estipula la ley y el reglamento de acceso a la informaci\u00f3n.<\/p>\n<p>El Decreto 130-05 que sirve como reglamento de la Ley General de Libre Acceso a la Informaci\u00f3n P\u00fablica (LGLAIP), establece en su art\u00edculo 12, (literal d), la elaboraci\u00f3n de los Manuales de procedimientos adecuados y ajustarse estrictamente a lo dispuesto por esta reglamentaci\u00f3n.<\/p>\n<p>En tal sentido, la Oficina de Acceso a la Informaci\u00f3n Municipal (OAIM) del Ayuntamiento del Municipio de Bayaguana, elabor\u00f3 este manual de procedimiento con el objetivo de dar a conocer como se procesan las solicitudes de informaci\u00f3n y cada uno de los procedimientos que en esta se aplican.<\/p>\n<p><strong>Misi\u00f3n:<\/strong><br \/>\nLa OAIM tiene como misi\u00f3n cumplir con el deber de garantizar el libre acceso a la informaci\u00f3n y publicar los actos del Ayuntamiento del Municipio de Bayaguana. Y canalizar toda la actividad relacionada con la publicidad de sus actuaciones y resoluciones o cualquiera otra informaci\u00f3n que obre en su poder, a fin de atender las peticiones que le dirijan los ciudadanos en el ejercicio de su derecho al libre acceso a la informaci\u00f3n p\u00fablica.<\/p>\n<p><strong>Visi\u00f3n:<\/strong><br \/>\nConstituirnos en una de las OAIM m\u00e1s respetuosa de la ley 200-04 y su reglamento de aplicaci\u00f3n. Contando con los recursos humanos m\u00e1s calificados, eficientes, actualizados y que presten el mejor servicio al ciudadano en materia de acceso a la informaci\u00f3n.<\/p>\n<p><strong>Valores:<\/strong><br \/>\nIntegridad<br \/>\nSinceridad<br \/>\nResponsabilidad<br \/>\nCambio<br \/>\nHonestidad<br \/>\nTransparencia<br \/>\nTrabajo en equipo<br \/>\nCapacitaci\u00f3n<br \/>\nCumplimiento<br \/>\nCredibilidad<\/p>\n<p><strong>Meta:<\/strong><br \/>\nLa Oficina de Acceso a la Informaci\u00f3n Municipal se propone cumplir con todas las reglamentaciones existentes y adecuar su plataforma seg\u00fan sea necesario para garantizar el libre acceso a la informaci\u00f3n municipal por parte de los ciudadanos. Ser eficientes y eficaz en el manejo de las solicitudes de informaci\u00f3n, la recepci\u00f3n de propuestas, quejas, denuncias y sugerencias.<\/p>\n<p>&nbsp;<\/p>\n<p>&nbsp;<\/p>\n<p>El\u00edas Manuel Rodr\u00edguez Ortiz<br \/>\nEncargado de la oficina de\u00a0 libre Acceso a la Informaci\u00f3n.<br \/>\nTel\u00e9fono: 809-844-6257\/ 849-203-9190<br \/>\nFlota: 829-678-8595<br \/>\nCorreo electr\u00f3nico: elias.rodiguez.4@gmail.com<\/p>\n","protected":false},"excerpt":{"rendered":"El Ayuntamiento del Municipio de Bayaguana con este manual de procedimiento expresa su compromiso en la aplicaci\u00f3n de la Ley General de Acceso a la Informaci\u00f3n P\u00fablica 200-04 y su en reglamento de aplicaci\u00f3n, y reafirma su responsabilidad con la transparencia y la \u00e9tica en el ejercicio de su accionar. Con el presente documento el&#8230;","protected":false},"author":4,"featured_media":0,"parent":0,"menu_order":0,"comment_status":"closed","ping_status":"closed","template":"","meta":[],"acf":[],"_links":{"self":[{"href":"https:\/\/ayuntamientobayaguana.gob.do\/transparencia\/wp-json\/wp\/v2\/pages\/78"}],"collection":[{"href":"https:\/\/ayuntamientobayaguana.gob.do\/transparencia\/wp-json\/wp\/v2\/pages"}],"about":[{"href":"https:\/\/ayuntamientobayaguana.gob.do\/transparencia\/wp-json\/wp\/v2\/types\/page"}],"author":[{"embeddable":true,"href":"https:\/\/ayuntamientobayaguana.gob.do\/transparencia\/wp-json\/wp\/v2\/users\/4"}],"replies":[{"embeddable":true,"href":"https:\/\/ayuntamientobayaguana.gob.do\/transparencia\/wp-json\/wp\/v2\/comments?post=78"}],"version-history":[{"count":4,"href":"https:\/\/ayuntamientobayaguana.gob.do\/transparencia\/wp-json\/wp\/v2\/pages\/78\/revisions"}],"predecessor-version":[{"id":397,"href":"https:\/\/ayuntamientobayaguana.gob.do\/transparencia\/wp-json\/wp\/v2\/pages\/78\/revisions\/397"}],"wp:attachment":[{"href":"https:\/\/ayuntamientobayaguana.gob.do\/transparencia\/wp-json\/wp\/v2\/media?parent=78"}],"curies":[{"name":"wp","href":"https:\/\/api.w.org\/{rel}","templated":true}]}}